{"id":26,"date":"2025-02-11T20:09:08","date_gmt":"2025-02-11T20:09:08","guid":{"rendered":"https:\/\/solar895.com\/?page_id=26"},"modified":"2025-02-11T20:18:19","modified_gmt":"2025-02-11T20:18:19","slug":"programacion","status":"publish","type":"page","link":"https:\/\/solar895.com\/?page_id=26","title":{"rendered":"Programacion"},"content":{"rendered":"\n<blockquote class=\"wp-block-quote is-layout-flow wp-block-quote-is-layout-flow\">\n<h4 class=\"wp-block-heading\"><strong>Nuestra cobertura<\/strong>&nbsp;<strong>\u00a1\u00a1\u00a1Est\u00e1 Que Arde!!!<\/strong><br><br>Chiquimula, San Jos\u00e9 La Arada, San Jacinto, Ipala, Quezaltepeque, Esquipulas, Jocot\u00e1n, Camot\u00e1n, San Juan Ermita, Olopa, Concepci\u00f3n las Minas, San Luis Jilotepeque (Jalapa), Agua Blanca (Jutiapa), Frontera Salvador, Frontera Honduras, Zacapa, Estanzuela, Huite, R\u00edo Hondo.<\/h4>\n<\/blockquote>\n\n\n\n<br>\n","protected":false},"excerpt":{"rendered":"<p>Nuestra cobertura&nbsp;\u00a1\u00a1\u00a1Est\u00e1 Que Arde!!! Chiquimula, San Jos\u00e9 La Arada, San Jacinto, Ipala, Quezaltepeque, Esquipulas, Jocot\u00e1n, Camot\u00e1n, San Juan Ermita, Olopa, Concepci\u00f3n las<\/p>\n<p class=\"link-more\"><a class=\"myButt \" href=\"https:\/\/solar895.com\/?page_id=26\">Read More<\/a><\/p>\n","protected":false},"author":1,"featured_media":0,"parent":0,"menu_order":0,"comment_status":"closed","ping_status":"closed","template":"","meta":{"footnotes":""},"class_list":["post-26","page","type-page","status-publish","hentry"],"_links":{"self":[{"href":"https:\/\/solar895.com\/index.php?rest_route=\/wp\/v2\/pages\/26","targetHints":{"allow":["GET"]}}],"collection":[{"href":"https:\/\/solar895.com\/index.php?rest_route=\/wp\/v2\/pages"}],"about":[{"href":"https:\/\/solar895.com\/index.php?rest_route=\/wp\/v2\/types\/page"}],"author":[{"embeddable":true,"href":"https:\/\/solar895.com\/index.php?rest_route=\/wp\/v2\/users\/1"}],"replies":[{"embeddable":true,"href":"https:\/\/solar895.com\/index.php?rest_route=%2Fwp%2Fv2%2Fcomments&post=26"}],"version-history":[{"count":2,"href":"https:\/\/solar895.com\/index.php?rest_route=\/wp\/v2\/pages\/26\/revisions"}],"predecessor-version":[{"id":43,"href":"https:\/\/solar895.com\/index.php?rest_route=\/wp\/v2\/pages\/26\/revisions\/43"}],"wp:attachment":[{"href":"https:\/\/solar895.com\/index.php?rest_route=%2Fwp%2Fv2%2Fmedia&parent=26"}],"curies":[{"name":"wp","href":"https:\/\/api.w.org\/{rel}","templated":true}]}}